{"id":1098,"date":"2022-11-04T15:10:07","date_gmt":"2022-11-04T14:10:07","guid":{"rendered":"https:\/\/searoop.com\/?page_id=1098"},"modified":"2025-02-04T16:15:26","modified_gmt":"2025-02-04T15:15:26","slug":"produits","status":"publish","type":"page","link":"https:\/\/searoop.com\/fr\/produits\/","title":{"rendered":"Produits"},"content":{"rendered":"<p>Searoop est un sirop avec peu de sucre \u2013 et rien que cela le rend sp\u00e9cial (sans parler des saveurs 100 % uniques&#8230;).<br \/>\nVous trouverez nos saveurs ci-dessous. Essayez-les toutes !<\/p>\n<ul>\n<li><strong>Fruits d\u2019\u00e9t\u00e9 : Fraise, Framboise, P\u00e9doncules de Cerise<\/strong><br \/>\nUn vrai d\u00e9lice, ce Searoop Fruits d\u2019\u00c9t\u00e9. Cette saveur met en valeur le fruit sous toutes ses facettes et accompagne parfaitement un high tea, un buffet de desserts ou une douceur sucr\u00e9e. Fruits d\u2019\u00c9t\u00e9 se m\u00e9lange merveilleusement avec ou sans alcool pour les longues soir\u00e9es d&#8217;\u00e9t\u00e9.<\/li>\n<li><strong>Th\u00e9 glac\u00e9, Feuille de Citronnier, Menthe<\/strong><br \/>\nUn th\u00e9 glac\u00e9 exceptionnel, \u00e0 m\u00e9langer avec de l&#8217;eau plate. Ce th\u00e9 glac\u00e9, fabriqu\u00e9 avec du th\u00e9 noir, s\u2019accorde parfaitement avec du poisson grill\u00e9, sublime un Long Island Iced Tea, un mocktail ou tout simplement un morceau de tarte aux pommes.<\/li>\n<li><strong>Cassis, Lavande, Rose<\/strong><br \/>\nLe mieux est de le d\u00e9crire comme &#8220;fruit\u00e9&#8221; avec une fin douce, mais la lavande lui donne une touche particuli\u00e8re qui le rend moins sucr\u00e9. Un d\u00e9salt\u00e9rant rafra\u00eechissant, semblable au cassis. Parfait comme ap\u00e9ritif, il se marie bien avec diff\u00e9rents plats de viande et est d\u00e9licieux dans un Kir Royal (avec ou sans alcool).<\/li>\n<li><strong>Romarin, M\u00e9lisse, Thym<\/strong><br \/>\nCette saveur a une note de sirop fra\u00eeche et douce, parfaite pour les cocktails et mocktails. Un v\u00e9ritable polyvalent qui peut \u00eatre appr\u00e9ci\u00e9 \u00e0 tout moment de la journ\u00e9e. Accompagne parfaitement les plats de l\u00e9gumes et les quiches sal\u00e9es.<\/li>\n<li><strong>Argousier, Aub\u00e9pine, Sauge<\/strong><br \/>\nUn go\u00fbt presque agrumes, bien qu&#8217;il ne contienne aucun agrume. La sauge compl\u00e8te ce sirop et en fait une boisson rafra\u00eechissante et agr\u00e9able. Id\u00e9al avec des plats de patate douce et de courge, des plateaux de fromages et des desserts (y compris la glace). Un choix de premier ordre pour les cocktails avec de la vodka et du Hierbas de las Dunas, mais \u00e9galement excellent dans les mocktails.<\/li>\n<li><strong>Rhubarbe, Salicorne, Fenouil Maritime<\/strong><br \/>\nCe sirop met parfaitement en valeur les saveurs sal\u00e9es de la Z\u00e9lande. Il a une finale l\u00e9g\u00e8rement anis\u00e9e et est naturellement d\u00e9licieux \u00e0 tout moment \u2013 comme boisson ou ap\u00e9ritif. Cette variante se marie parfaitement avec les fruits de mer ainsi que les plats de poisson comme le ceviche.<\/li>\n<li><strong>Coing, Cynorrhodon, Passiflore Sauvage<\/strong><br \/>\nCette combinaison de saveurs raffin\u00e9e et surprenante est parfaite pour les plateaux de fromages et excellente dans les cocktails avec Martini et Vermouth. La variante sans alcool avec de l&#8217;eau p\u00e9tillante et du jus de citron vert constitue \u00e9galement un mocktail festif.<\/li>\n<li><strong>Fleur de Sureau, Violette de Mars, Coquelicot<\/strong><br \/>\nCette saveur jaillit litt\u00e9ralement du verre et donne tout simplement bonne humeur ! Excellente comme d\u00e9salt\u00e9rant ou dans un Gin Tonic. Ce sirop est \u00e9galement souvent utilis\u00e9 dans des desserts comme la granita.<\/li>\n<li><strong>Magnolia, Gingembre, Gen\u00e9vrier<\/strong><br \/>\nPeut-\u00eatre la saveur la plus originale. Un go\u00fbt floral, l\u00e9g\u00e8rement \u00e9pic\u00e9, qui fait de cette boisson une base recherch\u00e9e pour les cocktails et les mocktails. Savourez ce Searoop avec un repas asiatique ou lors d&#8217;une chaude soir\u00e9e d&#8217;\u00e9t\u00e9. Tout simplement d\u00e9licieux !<\/li>\n<\/ul>\n<p>Searoop est disponible en neuf saveurs diff\u00e9rentes, en bouteilles de 500 ml et 250 ml (actuellement dans les saveurs Argousier, Cassis, Romarin et Magnolia). Deux canettes (250 ml) de Searoop soda pr\u00eates \u00e0 boire sont disponibles sur le march\u00e9 dans les saveurs Argousier, Aub\u00e9pine, Sauge et Fleur de Sureau, Violette de Mars, Coquelicot. Pratiques \u00e0 servir et id\u00e9ales \u00e0 emporter.<\/p>\n","protected":false},"excerpt":{"rendered":"<p>Searoop est un sirop avec peu de sucre \u2013 et rien que cela le rend sp\u00e9cial (sans parler des saveurs 100 % uniques&#8230;). Vous trouverez nos saveurs ci-dessous. Essayez-les toutes ! Fruits d\u2019\u00e9t\u00e9 : Fraise, Framboise, P\u00e9doncules de Cerise Un vrai d\u00e9lice, ce Searoop Fruits d\u2019\u00c9t\u00e9. Cette saveur met en valeur le fruit sous toutes [&hellip;]<\/p>\n","protected":false},"author":1,"featured_media":0,"parent":0,"menu_order":20,"comment_status":"closed","ping_status":"closed","template":"products","meta":{"_acf_changed":false,"footnotes":""},"class_list":["post-1098","page","type-page","status-publish","hentry"],"acf":[],"_links":{"self":[{"href":"https:\/\/searoop.com\/fr\/wp-json\/wp\/v2\/pages\/1098","targetHints":{"allow":["GET"]}}],"collection":[{"href":"https:\/\/searoop.com\/fr\/wp-json\/wp\/v2\/pages"}],"about":[{"href":"https:\/\/searoop.com\/fr\/wp-json\/wp\/v2\/types\/page"}],"author":[{"embeddable":true,"href":"https:\/\/searoop.com\/fr\/wp-json\/wp\/v2\/users\/1"}],"replies":[{"embeddable":true,"href":"https:\/\/searoop.com\/fr\/wp-json\/wp\/v2\/comments?post=1098"}],"version-history":[{"count":1,"href":"https:\/\/searoop.com\/fr\/wp-json\/wp\/v2\/pages\/1098\/revisions"}],"predecessor-version":[{"id":1099,"href":"https:\/\/searoop.com\/fr\/wp-json\/wp\/v2\/pages\/1098\/revisions\/1099"}],"wp:attachment":[{"href":"https:\/\/searoop.com\/fr\/wp-json\/wp\/v2\/media?parent=1098"}],"curies":[{"name":"wp","href":"https:\/\/api.w.org\/{rel}","templated":true}]}}