{"id":1084,"date":"2022-11-11T15:11:41","date_gmt":"2022-11-11T14:11:41","guid":{"rendered":"https:\/\/searoop.com\/?page_id=1084"},"modified":"2025-02-04T16:32:58","modified_gmt":"2025-02-04T15:32:58","slug":"notre-histoire-alternative-durable","status":"publish","type":"page","link":"https:\/\/searoop.com\/fr\/notre-histoire-alternative-durable\/","title":{"rendered":"Notre Histoire"},"content":{"rendered":"<p>Searoop est un sirop biologique de limonade de Z\u00e9lande, \u00e0 base de jus de pomme fra\u00eechement press\u00e9, d&#8217;extraits de plantes de dunes et de diverses herbes botaniques cultiv\u00e9es sp\u00e9cialement pour nous. Gr\u00e2ce \u00e0 l\u2019utilisation de jus de pomme fra\u00eechement press\u00e9, nous avons besoin de beaucoup moins de sucre pour la pr\u00e9paration de Searoop. C&#8217;est pourquoi Searoop est faible en sucre et v\u00e9g\u00e9talien.<\/p>\n<p>Searoop est une solution durable biologique ; en choisissant Searoop, vous contribuez \u00e0 un meilleur environnement, vous produisez moins de d\u00e9chets d\u2019emballage et de plastique ! En contrepartie, vous obtenez une plus grande marge, une offre d\u00e9licieuse et particuli\u00e8re de boissons biologiques et v\u00e9g\u00e9taliennes, qui contiennent jusqu&#8217;\u00e0 50 % de sucre en moins ! N&#8217;est-ce pas g\u00e9nial ?<\/p>\n<p>Searoop est de plus en plus pr\u00e9sent sur les cartes et dans les rayons, et gagne en popularit\u00e9. Cela ne pourrait en \u00eatre autrement : avec ses saveurs intenses et profondes aux multiples couches, c\u2019est une boisson adulte.<\/p>\n<p>Searoop est pr\u00e9par\u00e9 avec soin, attention et respect pour la nature. Nous attachons une grande importance \u00e0 une empreinte \u00e9cologique r\u00e9duite. Searoop contribue \u00e0 un mode de vie sain, car en plus de contenir moins de sucre, il ne contient que des ingr\u00e9dients biologiques. C\u2019est \u00e9galement une excellente alternative sans alcool.<\/p>\n<p>Searoop est la base parfaite pour une boisson. En utilisant Searoop, il vous suffit d&#8217;ajouter de l&#8217;eau (p\u00e9tillante). Cela \u00e9vite beaucoup de transport, de bouteilles et d\u2019emballages, ce qui fait de Searoop une alternative durable et d\u00e9licieuse.<\/p>\n<p>Searoop est disponible en neuf saveurs diff\u00e9rentes. Chaque saveur est unique. Nous avons une carte sp\u00e9ciale qui indique les suggestions d\u2019associations pour chaque saveur de Searoop, c\u2019est plus pratique !<\/p>\n<p>Searoop est disponible en bouteilles de 250 ml et 500 ml. Pour les professionnels de la restauration, nous proposons des Bag in Box de 5 litres. Elles peuvent facilement \u00eatre connect\u00e9es \u00e0 un robinet d\u2019eau ou \u00e0 un appareil Blujuice Postmix.<\/p>\n<p>Les canettes pr\u00eates \u00e0 boire de Searoop Soda, disponibles en saveurs Argousier et Fleur de Sureau, sont \u00e9galement sur le march\u00e9.<\/p>\n<p>Searoop fait des progr\u00e8s rapides et est de plus en plus servi et vendu. Les professionnels de la restauration, les \u00e9coles, les entreprises et les institutions savent maintenant qu&#8217;une boisson saine \u00e0 base d&#8217;eau est d\u00e9licieuse, bien parfum\u00e9e et une alternative bon march\u00e9 aux bouteilles de soda.<\/p>\n<p>Vous \u00eates int\u00e9ress\u00e9 par la vente ou la distribution de Searoop ? Contactez-nous \u00e0 info@searoop.com ou demandez une d\u00e9gustation dans le Searoopbar chez vous.<\/p>\n<p>&nbsp;<\/p>\n","protected":false},"excerpt":{"rendered":"<p>Searoop est un sirop biologique de limonade de Z\u00e9lande, \u00e0 base de jus de pomme fra\u00eechement press\u00e9, d&#8217;extraits de plantes de dunes et de diverses herbes botaniques cultiv\u00e9es sp\u00e9cialement pour nous. Gr\u00e2ce \u00e0 l\u2019utilisation de jus de pomme fra\u00eechement press\u00e9, nous avons besoin de beaucoup moins de sucre pour la pr\u00e9paration de Searoop. C&#8217;est pourquoi [&hellip;]<\/p>\n","protected":false},"author":1,"featured_media":0,"parent":0,"menu_order":40,"comment_status":"closed","ping_status":"closed","template":"","meta":{"_acf_changed":false,"footnotes":""},"class_list":["post-1084","page","type-page","status-publish","hentry"],"acf":[],"_links":{"self":[{"href":"https:\/\/searoop.com\/fr\/wp-json\/wp\/v2\/pages\/1084","targetHints":{"allow":["GET"]}}],"collection":[{"href":"https:\/\/searoop.com\/fr\/wp-json\/wp\/v2\/pages"}],"about":[{"href":"https:\/\/searoop.com\/fr\/wp-json\/wp\/v2\/types\/page"}],"author":[{"embeddable":true,"href":"https:\/\/searoop.com\/fr\/wp-json\/wp\/v2\/users\/1"}],"replies":[{"embeddable":true,"href":"https:\/\/searoop.com\/fr\/wp-json\/wp\/v2\/comments?post=1084"}],"version-history":[{"count":2,"href":"https:\/\/searoop.com\/fr\/wp-json\/wp\/v2\/pages\/1084\/revisions"}],"predecessor-version":[{"id":1102,"href":"https:\/\/searoop.com\/fr\/wp-json\/wp\/v2\/pages\/1084\/revisions\/1102"}],"wp:attachment":[{"href":"https:\/\/searoop.com\/fr\/wp-json\/wp\/v2\/media?parent=1084"}],"curies":[{"name":"wp","href":"https:\/\/api.w.org\/{rel}","templated":true}]}}