{"id":1062,"date":"2022-11-04T13:43:39","date_gmt":"2022-11-04T12:43:39","guid":{"rendered":"https:\/\/searoop.com\/?page_id=1062"},"modified":"2025-02-04T15:24:45","modified_gmt":"2025-02-04T14:24:45","slug":"politique-de-confidentialite","status":"publish","type":"page","link":"https:\/\/searoop.com\/fr\/politique-de-confidentialite\/","title":{"rendered":"Politique de confidentialit\u00e9"},"content":{"rendered":"<p><em>1er avril 2021<\/em><\/p>\n<p>Votre vie priv\u00e9e est importante pour Searoop, ci-apr\u00e8s d\u00e9nomm\u00e9 JB Diesch BV. Par cons\u00e9quent, nous nous conformons aux lois et r\u00e8glements pertinents en mati\u00e8re de confidentialit\u00e9, y compris le R\u00e8glement g\u00e9n\u00e9ral sur la protection des donn\u00e9es (RGPD). Cela signifie que nous :<\/p>\n<ul>\n<li>D\u00e9finissons clairement nos objectifs avant de traiter vos donn\u00e9es personnelles via cette d\u00e9claration de confidentialit\u00e9.<\/li>\n<li>Stockons le moins de donn\u00e9es personnelles possible, uniquement les donn\u00e9es n\u00e9cessaires \u00e0 nos fins.<\/li>\n<li>Demandons explicitement votre consentement pour traiter vos donn\u00e9es personnelles lorsque le consentement est requis.<\/li>\n<li>Mettez en place les mesures de s\u00e9curit\u00e9 n\u00e9cessaires pour prot\u00e9ger vos donn\u00e9es personnelles. Nous exigeons \u00e9galement que nos processeurs de donn\u00e9es respectent ces obligations.<\/li>\n<li>Respectons vos droits, tels que le droit d&#8217;acc\u00e8s, de rectification ou de suppression de vos donn\u00e9es personnelles trait\u00e9es.<\/li>\n<\/ul>\n<p>Vos donn\u00e9es sont en s\u00e9curit\u00e9 chez nous, et nous les utiliserons toujours de mani\u00e8re appropri\u00e9e. Cette d\u00e9claration de confidentialit\u00e9 explique ce que nous faisons des informations que nous collectons \u00e0 votre sujet via notre boutique en ligne <a href=\"http:\/\/www.searoop.com\">www.searoop.com<\/a>.<\/p>\n<p>Si vous avez des questions ou souhaitez savoir exactement ce que nous stockons \u00e0 votre sujet, n&#8217;h\u00e9sitez pas \u00e0 contacter JB Diesch BV.<\/p>\n<p><strong>Acc\u00e8s au portail<\/strong> Notre portail vous permet d&#8217;acc\u00e9der \u00e0 une zone de gestion o\u00f9 vous pouvez d\u00e9finir, fournir et modifier vos pr\u00e9f\u00e9rences pour la boutique en ligne. Nous suivons ce que vous avez fait et quand, de mani\u00e8re \u00e0 en garder une preuve.<\/p>\n<p>Pour cela, nous utilisons vos coordonn\u00e9es personnelles (nom, adresse), votre num\u00e9ro de t\u00e9l\u00e9phone, vos informations de paiement, votre adresse de facturation et votre adresse e-mail. Nous avons besoin de ces donn\u00e9es en raison du contrat que nous avons avec vous. Nous stockons ces informations jusqu&#8217;\u00e0 la fin de notre service envers vous.<\/p>\n<p><strong>Abonnement \u00e0 la newsletter<\/strong> Nous avons une newsletter, et vous ne serez ajout\u00e9 \u00e0 la liste des abonn\u00e9s qu&#8217;avec votre consentement. Dans la newsletter, vous lirez des actualit\u00e9s, des conseils et des informations sur nos produits et services.<\/p>\n<p>Pour cela, nous utilisons votre adresse e-mail, vos coordonn\u00e9es personnelles (nom, adresse) et votre adresse de facturation. Cela se fait sur la base de votre consentement. Nous stockons ces informations jusqu&#8217;\u00e0 ce que vous vous d\u00e9sabonniez de la newsletter.<\/p>\n<p>Vous pouvez vous d\u00e9sabonner de la newsletter \u00e0 tout moment. Chaque newsletter contient un lien de d\u00e9sabonnement.<\/p>\n<p><strong>Formulaire de contact<\/strong> Vous pouvez poser des questions ou faire des demandes via le formulaire de contact.<\/p>\n<p>Pour cela, nous utilisons votre adresse e-mail, vos informations de paiement, votre adresse de facturation et vos coordonn\u00e9es personnelles. Cela se fait sur la base de votre consentement. Nous stockons ces informations jusqu&#8217;\u00e0 ce que nous soyons s\u00fbrs que vous \u00eates satisfait de notre r\u00e9ponse.<\/p>\n<p><strong>Traitement des commandes<\/strong> Lorsque vous passez une commande chez nous, nous utilisons vos donn\u00e9es personnelles pour la traiter correctement. Nous pouvons partager vos donn\u00e9es personnelles avec notre service de livraison afin de garantir la livraison de la commande. Nous recevons \u00e9galement des informations de paiement de votre banque ou de votre fournisseur de carte de cr\u00e9dit.<\/p>\n<p>Pour cela, nous utilisons vos informations de paiement, votre adresse e-mail, votre sexe, votre adresse de facturation et vos coordonn\u00e9es personnelles. Cela se fait sur la base de votre consentement. Nous stockons ces informations pendant un an apr\u00e8s la finalisation de votre commande. Certaines donn\u00e9es clients sont conserv\u00e9es plus longtemps en raison des obligations l\u00e9gales de conservation fiscale.<\/p>\n<p><strong>Partage avec d&#8217;autres entreprises ou institutions<\/strong> \u00c0 l&#8217;exception des parties mentionn\u00e9es ci-dessus, nous ne partageons pas vos donn\u00e9es personnelles avec d&#8217;autres entreprises ou institutions, sauf si la loi l&#8217;exige (par exemple, si la police en fait la demande en cas de suspicion de criminalit\u00e9).<\/p>\n<p><strong>Statistiques<\/strong> Nous suivons les statistiques d&#8217;utilisation de notre boutique en ligne, mais ces donn\u00e9es sont toujours anonymis\u00e9es.<\/p>\n<p><strong>S\u00e9curit\u00e9<\/strong> La s\u00e9curit\u00e9 des donn\u00e9es personnelles est tr\u00e8s importante pour nous. Pour prot\u00e9ger votre vie priv\u00e9e, nous prenons les mesures suivantes :<\/p>\n<ul>\n<li>L&#8217;acc\u00e8s aux donn\u00e9es personnelles est prot\u00e9g\u00e9 par un nom d&#8217;utilisateur et un mot de passe.<\/li>\n<li>Modifications de cette d\u00e9claration de confidentialit\u00e9<\/li>\n<\/ul>\n<p>Lorsque notre boutique en ligne change, nous devons \u00e9galement mettre \u00e0 jour cette d\u00e9claration de confidentialit\u00e9. V\u00e9rifiez toujours la date ci-dessus et consultez r\u00e9guli\u00e8rement s&#8217;il y a de nouvelles versions. Nous ferons de notre mieux pour vous informer des changements.<\/p>\n<p><strong>Acc\u00e8s, modification et suppression de vos donn\u00e9es<\/strong> Si vous avez des questions ou souhaitez savoir quelles donn\u00e9es personnelles nous avons sur vous, vous pouvez toujours nous contacter. Voir les coordonn\u00e9es ci-dessous. Vous avez les droits suivants :<\/p>\n<ul>\n<li><strong>Droit d&#8217;acc\u00e8s<\/strong> : Vous avez le droit d&#8217;acc\u00e9der aux donn\u00e9es personnelles que nous traitons \u00e0 votre sujet.<\/li>\n<li><strong>Droit de rectification<\/strong> : Vous avez le droit de corriger ou de compl\u00e9ter toute donn\u00e9e personnelle incorrecte ou incompl\u00e8te que nous traitons \u00e0 votre sujet.<\/li>\n<li><strong>Droit d&#8217;opposition<\/strong> : Vous pouvez vous opposer au traitement de vos donn\u00e9es personnelles et au marketing direct.<\/li>\n<li><strong>Droit \u00e0 l&#8217;effacement<\/strong> : Vous pouvez demander la suppression de vos donn\u00e9es personnelles.<\/li>\n<li><strong>Droit \u00e0 la portabilit\u00e9 des donn\u00e9es<\/strong> : Si cela est techniquement possible, vous avez le droit de faire transf\u00e9rer les donn\u00e9es personnelles que nous traitons \u00e0 un tiers.<\/li>\n<li><strong>Droit de restriction du traitement<\/strong> : Dans certains cas, vous pouvez demander que le traitement de vos donn\u00e9es personnelles soit restreint (temporairement ou d\u00e9finitivement), ce qui signifie que nous traitons moins de vos donn\u00e9es.<\/li>\n<\/ul>\n<p>Pour votre demande, nous pouvons vous demander de vous identifier en soumettant une pi\u00e8ce d&#8217;identit\u00e9 valide pour nous assurer que vous \u00eates la bonne personne \u00e0 qui les donn\u00e9es appartiennent. Il est important de masquer votre BSN et votre photo sur la pi\u00e8ce d&#8217;identit\u00e9.<\/p>\n<p>Nous nous conformerons g\u00e9n\u00e9ralement \u00e0 votre demande dans un d\u00e9lai de 30 jours. Cependant, cette p\u00e9riode peut \u00eatre prolong\u00e9e pour des raisons li\u00e9es aux droits sp\u00e9cifiques des individus ou \u00e0 la complexit\u00e9 de la demande. Si nous prolongeons cette p\u00e9riode, nous vous en informerons en temps voulu.<\/p>\n<p><strong>D\u00e9p\u00f4t de plainte<\/strong> Si vous estimez que nous ne vous avons pas correctement aid\u00e9, vous avez le droit de d\u00e9poser une plainte aupr\u00e8s de l&#8217;autorit\u00e9 de surveillance, qui est l&#8217;Autorit\u00e9 n\u00e9erlandaise de protection des donn\u00e9es.<\/p>\n<h3><strong>Coordonn\u00e9es<\/strong><\/h3>\n<p><strong>Searoop\/JB Diesch BV<\/strong><br \/>\nKleverskerksejaagpad 22<br \/>\n4338 PZ Middelburg<\/p>\n<p>0118 552710<br \/>\ninfo@jbdiesch.nl<\/p>\n","protected":false},"excerpt":{"rendered":"<p>1er avril 2021 Votre vie priv\u00e9e est importante pour Searoop, ci-apr\u00e8s d\u00e9nomm\u00e9 JB Diesch BV. Par cons\u00e9quent, nous nous conformons aux lois et r\u00e8glements pertinents en mati\u00e8re de confidentialit\u00e9, y compris le R\u00e8glement g\u00e9n\u00e9ral sur la protection des donn\u00e9es (RGPD). Cela signifie que nous : D\u00e9finissons clairement nos objectifs avant de traiter vos donn\u00e9es personnelles [&hellip;]<\/p>\n","protected":false},"author":1,"featured_media":0,"parent":0,"menu_order":900,"comment_status":"closed","ping_status":"closed","template":"","meta":{"_acf_changed":false,"footnotes":""},"class_list":["post-1062","page","type-page","status-publish","hentry"],"acf":[],"_links":{"self":[{"href":"https:\/\/searoop.com\/fr\/wp-json\/wp\/v2\/pages\/1062","targetHints":{"allow":["GET"]}}],"collection":[{"href":"https:\/\/searoop.com\/fr\/wp-json\/wp\/v2\/pages"}],"about":[{"href":"https:\/\/searoop.com\/fr\/wp-json\/wp\/v2\/types\/page"}],"author":[{"embeddable":true,"href":"https:\/\/searoop.com\/fr\/wp-json\/wp\/v2\/users\/1"}],"replies":[{"embeddable":true,"href":"https:\/\/searoop.com\/fr\/wp-json\/wp\/v2\/comments?post=1062"}],"version-history":[{"count":1,"href":"https:\/\/searoop.com\/fr\/wp-json\/wp\/v2\/pages\/1062\/revisions"}],"predecessor-version":[{"id":1063,"href":"https:\/\/searoop.com\/fr\/wp-json\/wp\/v2\/pages\/1062\/revisions\/1063"}],"wp:attachment":[{"href":"https:\/\/searoop.com\/fr\/wp-json\/wp\/v2\/media?parent=1062"}],"curies":[{"name":"wp","href":"https:\/\/api.w.org\/{rel}","templated":true}]}}