{"id":1055,"date":"2022-11-04T15:14:13","date_gmt":"2022-11-04T14:14:13","guid":{"rendered":"https:\/\/searoop.com\/?page_id=1055"},"modified":"2025-02-04T15:19:23","modified_gmt":"2025-02-04T14:19:23","slug":"avertissement","status":"publish","type":"page","link":"https:\/\/searoop.com\/fr\/avertissement\/","title":{"rendered":"Avertissement"},"content":{"rendered":"<p>En utilisant cette page web, vous acceptez cet avertissement.<\/p>\n<p>Searoop, ci-apr\u00e8s d\u00e9nomm\u00e9 JB Diesch BV, s&#8217;efforce de mettre \u00e0 jour et\/ou compl\u00e9ter r\u00e9guli\u00e8rement le contenu de la page web. Malgr\u00e9 cette attention, il est possible que le contenu soit incomplet et\/ou incorrect.<br \/>\nJB Diesch BV fournit le contenu de la page web dans l&#8217;\u00e9tat o\u00f9 il se trouve, sans aucune garantie concernant son exactitude, sa pertinence pour un objectif particulier ou toute autre chose. Le contenu est exp\u00e9rimental et destin\u00e9 \u00e0 un usage priv\u00e9.<br \/>\nJB Diesch BV n&#8217;est pas responsable des dommages pouvant survenir ou \u00e9tant li\u00e9s \u00e0 l&#8217;utilisation de la page web ou \u00e0 l&#8217;impossibilit\u00e9 d&#8217;y acc\u00e9der.<br \/>\nJB Diesch BV peut modifier ou interrompre la page web \u00e0 sa discr\u00e9tion, avec ou sans pr\u00e9avis. JB Diesch BV ne saurait \u00eatre responsable des cons\u00e9quences de ces modifications ou de cette interruption.<br \/>\n\u00c0 l&#8217;exception de cet avertissement, JB Diesch BV n&#8217;est pas responsable des fichiers de tiers li\u00e9s \u00e0 la page web. Un lien ne signifie pas une validation de ces fichiers.<br \/>\nUne utilisation non autoris\u00e9e ou inappropri\u00e9e de la page web ou de son contenu peut constituer une violation des droits de propri\u00e9t\u00e9 intellectuelle, des r\u00e9glementations sur la vie priv\u00e9e, des lois sur la publication et\/ou la communication dans leur sens le plus large. Vous \u00eates responsable de tout ce que vous envoyez depuis la page web.<br \/>\nJB Diesch BV se r\u00e9serve le droit de vous refuser l&#8217;acc\u00e8s \u00e0 la page web et\/ou \u00e0 certains services offerts sur la page web. \u00c0 cet \u00e9gard, l&#8217;\u00e9diteur peut surveiller l&#8217;acc\u00e8s \u00e0 la page web.<br \/>\nVous vous engagez \u00e0 prot\u00e9ger et \u00e0 indemniser JB Diesch BV, ses employ\u00e9s, repr\u00e9sentants, titulaires de licence, partenaires commerciaux et l&#8217;auteur de cet avertissement contre toute action judiciaire ou extrajudiciaire, condamnation et autres, y compris les frais de conseils juridiques, comptabilit\u00e9 et autres co\u00fbts engag\u00e9s par des tiers en raison de votre utilisation de la page web, de votre violation de toute r\u00e9glementation l\u00e9gale ou des droits de tiers.<\/p>\n<p>\u00a9 Avertissement par M. F.J. Van Eeckhoutte, avocat ICT\/IE, Amersfoort, <a href=\"http:\/\/www.vaneeckhoutteadvocaten.nl\">www.vaneeckhoutteadvocaten.nl<\/a><\/p>\n<p>Fait maison \u00e0 partir d&#8217;herbes c\u00f4ti\u00e8res et de fruits biologiques<\/p>\n","protected":false},"excerpt":{"rendered":"<p>En utilisant cette page web, vous acceptez cet avertissement. Searoop, ci-apr\u00e8s d\u00e9nomm\u00e9 JB Diesch BV, s&#8217;efforce de mettre \u00e0 jour et\/ou compl\u00e9ter r\u00e9guli\u00e8rement le contenu de la page web. Malgr\u00e9 cette attention, il est possible que le contenu soit incomplet et\/ou incorrect. JB Diesch BV fournit le contenu de la page web dans l&#8217;\u00e9tat o\u00f9 [&hellip;]<\/p>\n","protected":false},"author":1,"featured_media":0,"parent":0,"menu_order":900,"comment_status":"closed","ping_status":"closed","template":"","meta":{"_acf_changed":false,"footnotes":""},"class_list":["post-1055","page","type-page","status-publish","hentry"],"acf":[],"_links":{"self":[{"href":"https:\/\/searoop.com\/fr\/wp-json\/wp\/v2\/pages\/1055","targetHints":{"allow":["GET"]}}],"collection":[{"href":"https:\/\/searoop.com\/fr\/wp-json\/wp\/v2\/pages"}],"about":[{"href":"https:\/\/searoop.com\/fr\/wp-json\/wp\/v2\/types\/page"}],"author":[{"embeddable":true,"href":"https:\/\/searoop.com\/fr\/wp-json\/wp\/v2\/users\/1"}],"replies":[{"embeddable":true,"href":"https:\/\/searoop.com\/fr\/wp-json\/wp\/v2\/comments?post=1055"}],"version-history":[{"count":1,"href":"https:\/\/searoop.com\/fr\/wp-json\/wp\/v2\/pages\/1055\/revisions"}],"predecessor-version":[{"id":1056,"href":"https:\/\/searoop.com\/fr\/wp-json\/wp\/v2\/pages\/1055\/revisions\/1056"}],"wp:attachment":[{"href":"https:\/\/searoop.com\/fr\/wp-json\/wp\/v2\/media?parent=1055"}],"curies":[{"name":"wp","href":"https:\/\/api.w.org\/{rel}","templated":true}]}}