{"id":1046,"date":"2022-11-07T15:49:14","date_gmt":"2022-11-07T14:49:14","guid":{"rendered":"https:\/\/searoop.com\/?page_id=1046"},"modified":"2025-02-06T17:01:00","modified_gmt":"2025-02-06T16:01:00","slug":"industrie-hoteliere","status":"publish","type":"page","link":"https:\/\/searoop.com\/fr\/industrie-hoteliere\/","title":{"rendered":"Industrie h\u00f4teli\u00e8re"},"content":{"rendered":"<p>Le grand avantage de Searoop est que vous n\u2019avez presque plus d\u2019emballages. Il vous suffit d\u2019ajouter de l\u2019eau du robinet (plate ou gazeuse) au sirop, et c\u2019est pr\u00eat !<\/p>\n<p>Imaginez : plus de transport, de stockage ni de r\u00e9frig\u00e9ration de bouteilles de boissons gazeuses, et pourtant des boissons pr\u00eates \u00e0 servir de haute qualit\u00e9 dans un verre ou une carafe, qui contiennent moins de sucre, sont biologiques et v\u00e9ganes.<\/p>\n<p>Les Bag in Boxes (5 l) de Searoop sont \u00e9quip\u00e9s d\u2019un raccord CMD ou V-top. Ils s\u2019adaptent ais\u00e9ment \u00e0 n\u2019importe quel syst\u00e8me PostMix. C\u2019est pourquoi nous avons \u00e9tabli une collaboration avec Canuck Horeca-diensten. De plus, ces Bag in Boxes peuvent \u00eatre raccord\u00e9s aux robinets \u00e0 eau de Zereaudrinks\/KRNWTR+.<\/p>\n<p>Searoop est commandable via info@searoop.com et est disponible aupr\u00e8s des grossistes suivants.<\/p>\n<p>Demandez une d\u00e9gustation !<\/p>\n<p><a href=\"https:\/\/www.bidfood.nl\/\" target=\"_blank\" rel=\"noopener\"><img loading=\"lazy\" decoding=\"async\" class=\"size-full wp-image-556 alignnone\" src=\"https:\/\/searoop.com\/uploads\/2024\/11\/images.jpg\" alt=\"\" width=\"225\" height=\"225\" srcset=\"https:\/\/searoop.com\/uploads\/2024\/11\/images.jpg 225w, https:\/\/searoop.com\/uploads\/2024\/11\/images-150x150.jpg 150w\" sizes=\"auto, (max-width: 225px) 100vw, 225px\" \/><\/a> <a href=\"https:\/\/www.hanos.nl\/nl\/\" target=\"_blank\" rel=\"noopener\"><img loading=\"lazy\" decoding=\"async\" class=\"size-medium wp-image-557 alignnone\" src=\"https:\/\/searoop.com\/uploads\/2024\/11\/logo_hanos01-1280x733-1-300x172.jpg\" alt=\"\" width=\"300\" height=\"172\" srcset=\"https:\/\/searoop.com\/uploads\/2024\/11\/logo_hanos01-1280x733-1-300x172.jpg 300w, https:\/\/searoop.com\/uploads\/2024\/11\/logo_hanos01-1280x733-1-1024x586.jpg 1024w, https:\/\/searoop.com\/uploads\/2024\/11\/logo_hanos01-1280x733-1-768x440.jpg 768w, https:\/\/searoop.com\/uploads\/2024\/11\/logo_hanos01-1280x733-1.jpg 1280w\" sizes=\"auto, (max-width: 300px) 100vw, 300px\" \/><\/a> <a href=\"https:\/\/www.horesca.nl\/\" target=\"_blank\" rel=\"noopener\"><img loading=\"lazy\" decoding=\"async\" class=\" wp-image-558 alignnone\" src=\"https:\/\/searoop.com\/uploads\/2024\/11\/Logo_Horesca-300x94.png\" alt=\"\" width=\"249\" height=\"78\" srcset=\"https:\/\/searoop.com\/uploads\/2024\/11\/Logo_Horesca-300x94.png 300w, https:\/\/searoop.com\/uploads\/2024\/11\/Logo_Horesca.png 660w\" sizes=\"auto, (max-width: 249px) 100vw, 249px\" \/><\/a> <a href=\"https:\/\/voetsspecialiteiten.nl\/\" target=\"_blank\" rel=\"noopener\"><img loading=\"lazy\" decoding=\"async\" class=\"alignnone wp-image-559\" src=\"https:\/\/searoop.com\/uploads\/2024\/11\/Logo_Voets_Specialiteiten_Groot-300x300.png\" alt=\"\" width=\"200\" height=\"200\" \/><\/a> <a href=\"https:\/\/www6.bd-totaal.nl\/\" target=\"_blank\" rel=\"noopener\"><img loading=\"lazy\" decoding=\"async\" class=\"wp-image-560 alignnone\" src=\"https:\/\/searoop.com\/uploads\/2024\/11\/Logo-BD-Totaal-1-300x300.jpg\" alt=\"\" width=\"201\" height=\"201\" srcset=\"https:\/\/searoop.com\/uploads\/2024\/11\/Logo-BD-Totaal-1-300x300.jpg 300w, https:\/\/searoop.com\/uploads\/2024\/11\/Logo-BD-Totaal-1-150x150.jpg 150w, https:\/\/searoop.com\/uploads\/2024\/11\/Logo-BD-Totaal-1-768x768.jpg 768w, https:\/\/searoop.com\/uploads\/2024\/11\/Logo-BD-Totaal-1.jpg 945w\" sizes=\"auto, (max-width: 201px) 100vw, 201px\" \/><\/a><a href=\"https:\/\/www.sligro.nl\/\" target=\"_blank\" rel=\"noopener\"><img loading=\"lazy\" decoding=\"async\" class=\"alignnone wp-image-561 \" src=\"https:\/\/searoop.com\/uploads\/2024\/11\/Logo-Sligro-e1732200669627-300x283.jpg\" alt=\"\" width=\"175\" height=\"165\" srcset=\"https:\/\/searoop.com\/uploads\/2024\/11\/Logo-Sligro-e1732200669627-300x283.jpg 300w, https:\/\/searoop.com\/uploads\/2024\/11\/Logo-Sligro-e1732200669627.jpg 394w\" sizes=\"auto, (max-width: 175px) 100vw, 175px\" \/><\/a><a href=\"https:\/\/www.udea.nl\/\" target=\"_blank\" rel=\"noopener\"><img loading=\"lazy\" decoding=\"async\" class=\"alignnone wp-image-562 size-thumbnail\" src=\"https:\/\/searoop.com\/uploads\/2024\/11\/udea_bv_logo-150x150.jpg\" alt=\"\" width=\"150\" height=\"150\" srcset=\"https:\/\/searoop.com\/uploads\/2024\/11\/udea_bv_logo-150x150.jpg 150w, https:\/\/searoop.com\/uploads\/2024\/11\/udea_bv_logo.jpg 200w\" sizes=\"auto, (max-width: 150px) 100vw, 150px\" \/><\/a> <a href=\"https:\/\/www.kreko.nl\/\" target=\"_blank\" rel=\"noopener\"><img loading=\"lazy\" decoding=\"async\" class=\" wp-image-563 alignnone\" src=\"https:\/\/searoop.com\/uploads\/2024\/11\/VHC-Kreko-RGB_vierkant_zonder-pay-off-300x300.jpg\" alt=\"\" width=\"188\" height=\"188\" srcset=\"https:\/\/searoop.com\/uploads\/2024\/11\/VHC-Kreko-RGB_vierkant_zonder-pay-off-300x300.jpg 300w, https:\/\/searoop.com\/uploads\/2024\/11\/VHC-Kreko-RGB_vierkant_zonder-pay-off-1024x1024.jpg 1024w, https:\/\/searoop.com\/uploads\/2024\/11\/VHC-Kreko-RGB_vierkant_zonder-pay-off-150x150.jpg 150w, https:\/\/searoop.com\/uploads\/2024\/11\/VHC-Kreko-RGB_vierkant_zonder-pay-off-768x768.jpg 768w, https:\/\/searoop.com\/uploads\/2024\/11\/VHC-Kreko-RGB_vierkant_zonder-pay-off-1536x1536.jpg 1536w, https:\/\/searoop.com\/uploads\/2024\/11\/VHC-Kreko-RGB_vierkant_zonder-pay-off.jpg 1969w\" sizes=\"auto, (max-width: 188px) 100vw, 188px\" \/><\/a> \u00a0 \u00a0 \u00a0 \u00a0 \u00a0<a href=\"https:\/\/www.unipharma.nl\/\" target=\"_blank\" rel=\"noopener\"><img loading=\"lazy\" decoding=\"async\" class=\" wp-image-564 alignnone\" src=\"https:\/\/searoop.com\/uploads\/2024\/11\/images-1.jpg\" alt=\"\" width=\"199\" height=\"199\" srcset=\"https:\/\/searoop.com\/uploads\/2024\/11\/images-1.jpg 225w, https:\/\/searoop.com\/uploads\/2024\/11\/images-1-150x150.jpg 150w\" sizes=\"auto, (max-width: 199px) 100vw, 199px\" \/><\/a>\u00a0 \u00a0 \u00a0 \u00a0 <a href=\"https:\/\/www.culligan.nl\/\" target=\"_blank\" rel=\"noopener\"><img loading=\"lazy\" decoding=\"async\" class=\" wp-image-507 alignnone\" src=\"https:\/\/searoop.com\/uploads\/2024\/07\/Culligan_Logo_2024-300x110.jpg\" alt=\"\" width=\"232\" height=\"85\" srcset=\"https:\/\/searoop.com\/uploads\/2024\/07\/Culligan_Logo_2024-300x110.jpg 300w, https:\/\/searoop.com\/uploads\/2024\/07\/Culligan_Logo_2024-1024x376.jpg 1024w, https:\/\/searoop.com\/uploads\/2024\/07\/Culligan_Logo_2024-768x282.jpg 768w, https:\/\/searoop.com\/uploads\/2024\/07\/Culligan_Logo_2024-1536x563.jpg 1536w, https:\/\/searoop.com\/uploads\/2024\/07\/Culligan_Logo_2024-2048x751.jpg 2048w\" sizes=\"auto, (max-width: 232px) 100vw, 232px\" \/><\/a><\/p>\n<p><a href=\"https:\/\/www.zereaudrinks.com\/\" target=\"_blank\" rel=\"noopener\"><img loading=\"lazy\" decoding=\"async\" class=\"wp-image-513 alignnone\" src=\"https:\/\/searoop.com\/uploads\/2024\/07\/666aea82b74c0f01f4ab2c4b_logo-zereaudrinks-krnwtr-watertappunten-300x89.png\" alt=\"\" width=\"253\" height=\"76\" srcset=\"https:\/\/searoop.com\/uploads\/2024\/07\/666aea82b74c0f01f4ab2c4b_logo-zereaudrinks-krnwtr-watertappunten-300x89.png 300w, https:\/\/searoop.com\/uploads\/2024\/07\/666aea82b74c0f01f4ab2c4b_logo-zereaudrinks-krnwtr-watertappunten.png 500w\" sizes=\"auto, (max-width: 253px) 100vw, 253px\" \/><\/a><\/p>\n","protected":false},"excerpt":{"rendered":"<p>Le grand avantage de Searoop est que vous n\u2019avez presque plus d\u2019emballages. Il vous suffit d\u2019ajouter de l\u2019eau du robinet (plate ou gazeuse) au sirop, et c\u2019est pr\u00eat ! Imaginez : plus de transport, de stockage ni de r\u00e9frig\u00e9ration de bouteilles de boissons gazeuses, et pourtant des boissons pr\u00eates \u00e0 servir de haute qualit\u00e9 dans [&hellip;]<\/p>\n","protected":false},"author":1,"featured_media":0,"parent":0,"menu_order":500,"comment_status":"closed","ping_status":"closed","template":"","meta":{"_acf_changed":false,"footnotes":""},"class_list":["post-1046","page","type-page","status-publish","hentry"],"acf":[],"_links":{"self":[{"href":"https:\/\/searoop.com\/fr\/wp-json\/wp\/v2\/pages\/1046","targetHints":{"allow":["GET"]}}],"collection":[{"href":"https:\/\/searoop.com\/fr\/wp-json\/wp\/v2\/pages"}],"about":[{"href":"https:\/\/searoop.com\/fr\/wp-json\/wp\/v2\/types\/page"}],"author":[{"embeddable":true,"href":"https:\/\/searoop.com\/fr\/wp-json\/wp\/v2\/users\/1"}],"replies":[{"embeddable":true,"href":"https:\/\/searoop.com\/fr\/wp-json\/wp\/v2\/comments?post=1046"}],"version-history":[{"count":3,"href":"https:\/\/searoop.com\/fr\/wp-json\/wp\/v2\/pages\/1046\/revisions"}],"predecessor-version":[{"id":1176,"href":"https:\/\/searoop.com\/fr\/wp-json\/wp\/v2\/pages\/1046\/revisions\/1176"}],"wp:attachment":[{"href":"https:\/\/searoop.com\/fr\/wp-json\/wp\/v2\/media?parent=1046"}],"curies":[{"name":"wp","href":"https:\/\/api.w.org\/{rel}","templated":true}]}}