{"id":1094,"date":"2022-11-04T15:10:07","date_gmt":"2022-11-04T14:10:07","guid":{"rendered":"https:\/\/searoop.com\/?page_id=1094"},"modified":"2025-02-04T16:06:35","modified_gmt":"2025-02-04T15:06:35","slug":"produkte","status":"publish","type":"page","link":"https:\/\/searoop.com\/de\/produkte\/","title":{"rendered":"Produkte"},"content":{"rendered":"<p>Searoop ist ein Sirup mit wenig Zucker \u2013 und das allein macht ihn schon besonders (ganz zu schweigen von den 100% Besonderen Geschmacksrichtungen\u2026).<br \/>\nUnten finden Sie unsere Geschmacksrichtungen. Probieren Sie sie alle!<\/p>\n<p><strong>Sommerfr\u00fcchte: Erdbeere, Himbeere, Kirschstiele<\/strong><br \/>\nEin echter Genuss, dieser herrliche neue Searoop Sommerfr\u00fcchte. Dieser Geschmack bringt die Frucht in all ihren Facetten zur Geltung und passt wunderbar zu High Tea, einem Dessertbuffet oder einer s\u00fc\u00dfen Nachspeise. Sommerfr\u00fcchte l\u00e4sst sich hervorragend mit oder ohne Alkohol f\u00fcr lange Sommerabende mixen.<\/p>\n<p><strong>Eistee, Zitronenblatt, Minze<\/strong><br \/>\nEin au\u00dfergew\u00f6hnlicher Eistee, der mit stillem Wasser gemischt wird. Dieser mit schwarzem Tee hergestellte Eistee passt hervorragend zu gegrilltem Fisch, schmeckt gro\u00dfartig in einem Long Island Iced Tea, einem Mocktail oder einfach zu einem St\u00fcck Apfelkuchen.<\/p>\n<p><strong>Schwarze Johannisbeere, Lavendel, Rose<\/strong><br \/>\nAm besten als &#8220;beerig&#8221; zu beschreiben mit einem s\u00fc\u00dfen Abgang, aber der Lavendel verleiht ihm eine besondere Note, die ihn nicht zu s\u00fc\u00df macht. Ein erfrischender, cassis-\u00e4hnlicher Durstl\u00f6scher. Wunderbar als Aperitif, gut kombinierbar mit verschiedenen Fleischgerichten, und gro\u00dfartig in einem Kir Royale (mit oder ohne Alkohol).<\/p>\n<p><strong>Rosmarin, Zitronenmelisse, Thymian<\/strong><br \/>\nDieser Geschmack hat eine frische, weiche Sirupnote, die sich hervorragend in Cocktails und Mocktails mischen l\u00e4sst. Ein echter Allrounder, der zu jeder Tageszeit genossen werden kann. Passt wunderbar zu Gem\u00fcsegerichten und herzhaften Kuchen.<\/p>\n<p><strong>Sanddorn, Wei\u00dfdorn, Salbei<\/strong><br \/>\nSchmeckt fast zitrusartig, obwohl kein Zitrus enthalten ist. Der Salbei rundet diesen Sirup ab und macht ihn zu einem erfrischenden und angenehmen Getr\u00e4nk. Passt gut zu S\u00fc\u00dfkartoffel- und K\u00fcrbisgerichten, K\u00e4seplatten und Desserts (auch Eis). Eine Top-Wahl in Cocktails mit Wodka und Hierbas de las Dunas, aber auch hervorragend in Mocktails.<\/p>\n<p><strong>Rhabarber, Queller, Meeresfenchel<\/strong><br \/>\nDieser Sirup bringt die salzigen Aromen Zeelands perfekt zur Geltung. Er hat einen leicht anisartigen Abgang und ist nat\u00fcrlich k\u00f6stlich zu jeder Tageszeit \u2013 als Getr\u00e4nk zwischendurch oder als Aperitif. Diese Variante passt hervorragend zu allen Schalen- und Krustentieren sowie zu Fischgerichten wie z. B. Ceviche.<\/p>\n<p><strong>Quitte, Hagebutte, Wilde Passionsblume<\/strong><br \/>\nDiese raffinierte und \u00fcberraschende Geschmackskombination passt perfekt zu K\u00e4seplatten und macht sich hervorragend in Cocktails mit Martini und Wermut. Die alkoholfreie Variante mit Sprudelwasser und Limettensaft ist auch eine festliche Mocktail.<\/p>\n<p><strong>Holunderbl\u00fcte, M\u00e4rzveilchen, Klatschmohn<\/strong><br \/>\nDieser Geschmack spr\u00fcht f\u00f6rmlich aus dem Glas und macht einfach gute Laune! Hervorragend als Durstl\u00f6scher oder in einem Gin Tonic. Dieser Sirup wird auch h\u00e4ufig in Dessertzubereitungen wie Granita verwendet.<\/p>\n<p><strong>Magnolie, Ingwer, Wacholder<\/strong><br \/>\nVielleicht die au\u00dfergew\u00f6hnlichste Geschmacksrichtung. Ein blumiger, leicht w\u00fcrziger Geschmack, der dieses Getr\u00e4nk zu einer begehrten Basis f\u00fcr Cocktails und Mocktails macht. Genie\u00dfen Sie diesen Searoop zu einer asiatischen Mahlzeit oder an einem warmen Sommerabend. Einfach genie\u00dfen!<\/p>\n<p>Searoop ist in neun verschiedenen Geschmacksrichtungen erh\u00e4ltlich, sowohl in 500-ml- als auch in 250-ml-Flaschen (derzeit in den Sorten Sanddorn, Schwarze Johannisbeere, Rosmarin &amp; Magnolie). Es gibt zwei Dosen (250 ml) trinkfertige Searoop Soda-Limonade auf dem Markt in den Geschmacksrichtungen <strong>Sanddorn, Wei\u00dfdorn, Salbei<\/strong> und <strong>Holunderbl\u00fcte, M\u00e4rzveilchen, Klatschmohn<\/strong>. Praktisch zum Ausschenken und ideal f\u00fcr unterwegs.<\/p>\n","protected":false},"excerpt":{"rendered":"<p>Searoop ist ein Sirup mit wenig Zucker \u2013 und das allein macht ihn schon besonders (ganz zu schweigen von den 100% Besonderen Geschmacksrichtungen\u2026). Unten finden Sie unsere Geschmacksrichtungen. Probieren Sie sie alle! Sommerfr\u00fcchte: Erdbeere, Himbeere, Kirschstiele Ein echter Genuss, dieser herrliche neue Searoop Sommerfr\u00fcchte. Dieser Geschmack bringt die Frucht in all ihren Facetten zur Geltung [&hellip;]<\/p>\n","protected":false},"author":1,"featured_media":0,"parent":0,"menu_order":20,"comment_status":"closed","ping_status":"closed","template":"products","meta":{"_acf_changed":false,"footnotes":""},"class_list":["post-1094","page","type-page","status-publish","hentry"],"acf":[],"_links":{"self":[{"href":"https:\/\/searoop.com\/de\/wp-json\/wp\/v2\/pages\/1094","targetHints":{"allow":["GET"]}}],"collection":[{"href":"https:\/\/searoop.com\/de\/wp-json\/wp\/v2\/pages"}],"about":[{"href":"https:\/\/searoop.com\/de\/wp-json\/wp\/v2\/types\/page"}],"author":[{"embeddable":true,"href":"https:\/\/searoop.com\/de\/wp-json\/wp\/v2\/users\/1"}],"replies":[{"embeddable":true,"href":"https:\/\/searoop.com\/de\/wp-json\/wp\/v2\/comments?post=1094"}],"version-history":[{"count":1,"href":"https:\/\/searoop.com\/de\/wp-json\/wp\/v2\/pages\/1094\/revisions"}],"predecessor-version":[{"id":1095,"href":"https:\/\/searoop.com\/de\/wp-json\/wp\/v2\/pages\/1094\/revisions\/1095"}],"wp:attachment":[{"href":"https:\/\/searoop.com\/de\/wp-json\/wp\/v2\/media?parent=1094"}],"curies":[{"name":"wp","href":"https:\/\/api.w.org\/{rel}","templated":true}]}}