{"id":1053,"date":"2022-11-04T15:14:13","date_gmt":"2022-11-04T14:14:13","guid":{"rendered":"https:\/\/searoop.com\/?page_id=1053"},"modified":"2025-02-04T15:18:57","modified_gmt":"2025-02-04T14:18:57","slug":"haftungsausschluss","status":"publish","type":"page","link":"https:\/\/searoop.com\/de\/haftungsausschluss\/","title":{"rendered":"Haftungsausschluss"},"content":{"rendered":"<p>Durch die Nutzung dieser Webseite stimmen Sie diesem Haftungsausschluss zu.<\/p>\n<p>Searoop, im Folgenden als JB Diesch BV bezeichnet, bem\u00fcht sich, den Inhalt der Webseite regelm\u00e4\u00dfig zu aktualisieren und\/oder zu erg\u00e4nzen. Trotz dieser Sorgfalt und Aufmerksamkeit kann es sein, dass der Inhalt unvollst\u00e4ndig und\/oder fehlerhaft ist.<br \/>\nJB Diesch BV stellt den Inhalt der Webseite in dem Zustand zur Verf\u00fcgung, in dem er sich tats\u00e4chlich befindet, ohne Garantie oder Gew\u00e4hrleistung hinsichtlich der Richtigkeit, Eignung f\u00fcr einen bestimmten Zweck oder anderweitiger Aspekte. Der Inhalt ist experimentell und f\u00fcr den privaten Gebrauch bestimmt.<br \/>\nJB Diesch BV ist nicht haftbar f\u00fcr Sch\u00e4den, die durch die Nutzung der Webseite oder die Unm\u00f6glichkeit, auf die Webseite zuzugreifen, entstanden sind oder entstehen k\u00f6nnen.<br \/>\nJB Diesch BV kann die Webseite nach eigenem Ermessen und jederzeit (mit oder ohne vorherige Ank\u00fcndigung) \u00e4ndern oder beenden. JB Diesch BV haftet nicht f\u00fcr die Folgen von \u00c4nderungen oder Beendigungen.<br \/>\nMit Ausnahme dieses Haftungsausschlusses ist JB Diesch BV nicht verantwortlich f\u00fcr mit der Webseite verlinkte Dateien von Drittanbietern. Ein Link stellt keine Best\u00e4tigung dieser Dateien dar.<br \/>\nUnbefugte oder unangemessene Nutzung der Webseite oder ihres Inhalts kann eine Verletzung von geistigen Eigentumsrechten, Datenschutzbestimmungen, Ver\u00f6ffentlichungs- und\/oder Kommunikationsgesetzen im weitesten Sinne darstellen. Sie sind verantwortlich f\u00fcr alles, was Sie von der Webseite senden.<br \/>\nJB Diesch BV beh\u00e4lt sich das Recht vor, Ihnen die Nutzung der Webseite und\/oder bestimmter auf der Webseite angebotener Dienste zu verweigern. In diesem Zusammenhang kann der Herausgeber den Zugang zur Webseite \u00fcberwachen.<br \/>\nSie erkl\u00e4ren sich damit einverstanden, JB Diesch BV, dessen Mitarbeiter, Vertreter, Lizenznehmer, Gesch\u00e4ftspartner und den Autor dieses Haftungsausschlusses von gerichtlichen und au\u00dfergerichtlichen Ma\u00dfnahmen, Verurteilungen und \u00e4hnlichen Anspr\u00fcchen, einschlie\u00dflich der Kosten f\u00fcr Rechtsberatung, Buchhaltung und \u00e4hnliche Kosten, die von Dritten im Zusammenhang mit Ihrer Nutzung der Webseite oder Ihrer Verletzung von Gesetzen oder den Rechten Dritter erhoben werden, zu sch\u00fctzen und freizustellen.<\/p>\n<p>\u00a9 Haftungsausschluss von Herrn F.J. Van Eeckhoutte, ICT\/IE-Anwalt, Amersfoort, <a href=\"http:\/\/www.vaneeckhoutteadvocaten.nl\">www.vaneeckhoutteadvocaten.nl<\/a><\/p>\n<p>Hausgemacht aus K\u00fcstenkr\u00e4utern und biologischen Fr\u00fcchten<\/p>\n","protected":false},"excerpt":{"rendered":"<p>Durch die Nutzung dieser Webseite stimmen Sie diesem Haftungsausschluss zu. Searoop, im Folgenden als JB Diesch BV bezeichnet, bem\u00fcht sich, den Inhalt der Webseite regelm\u00e4\u00dfig zu aktualisieren und\/oder zu erg\u00e4nzen. Trotz dieser Sorgfalt und Aufmerksamkeit kann es sein, dass der Inhalt unvollst\u00e4ndig und\/oder fehlerhaft ist. JB Diesch BV stellt den Inhalt der Webseite in dem [&hellip;]<\/p>\n","protected":false},"author":1,"featured_media":0,"parent":0,"menu_order":900,"comment_status":"closed","ping_status":"closed","template":"","meta":{"_acf_changed":false,"footnotes":""},"class_list":["post-1053","page","type-page","status-publish","hentry"],"acf":[],"_links":{"self":[{"href":"https:\/\/searoop.com\/de\/wp-json\/wp\/v2\/pages\/1053","targetHints":{"allow":["GET"]}}],"collection":[{"href":"https:\/\/searoop.com\/de\/wp-json\/wp\/v2\/pages"}],"about":[{"href":"https:\/\/searoop.com\/de\/wp-json\/wp\/v2\/types\/page"}],"author":[{"embeddable":true,"href":"https:\/\/searoop.com\/de\/wp-json\/wp\/v2\/users\/1"}],"replies":[{"embeddable":true,"href":"https:\/\/searoop.com\/de\/wp-json\/wp\/v2\/comments?post=1053"}],"version-history":[{"count":1,"href":"https:\/\/searoop.com\/de\/wp-json\/wp\/v2\/pages\/1053\/revisions"}],"predecessor-version":[{"id":1054,"href":"https:\/\/searoop.com\/de\/wp-json\/wp\/v2\/pages\/1053\/revisions\/1054"}],"wp:attachment":[{"href":"https:\/\/searoop.com\/de\/wp-json\/wp\/v2\/media?parent=1053"}],"curies":[{"name":"wp","href":"https:\/\/api.w.org\/{rel}","templated":true}]}}